{"id":97,"date":"2021-04-06T20:24:06","date_gmt":"2021-04-06T20:24:06","guid":{"rendered":"http:\/\/thebundschuhs.de\/lego\/?page_id=97"},"modified":"2021-04-07T06:20:28","modified_gmt":"2021-04-07T06:20:28","slug":"uber-den-autor","status":"publish","type":"page","link":"https:\/\/thebundschuhs.de\/lego\/de\/uber-den-autor\/","title":{"rendered":"Allgemeines"},"content":{"rendered":"\n<h1 class=\"has-text-align-center wp-block-heading\">\u00dcber den Autor<\/h1>\n\n\n\n<p>Bj\u00f6rn Bundschuh, geboren 1974, ist Maschinenbau-Ingenieur und hat seine ersten Berufsjahre in der Konstruktion von F\u00f6rdertechnik und Automatisierungstechnik verbracht. Mit Lego aufgewachsen, hat er sich zwar stets f\u00fcr Lego-Technic interessiert, sein erstes Technic-Set jedoch erst zu seinem 40. Geburtstag von seinem Bruder geschenkt bekommen. Die wiederentdeckte Liebe zu Lego wurde insbesondre durch die Boost- und Mindstorms-Baus\u00e4tze befeuert. Seine Lego-Kreationen werden heute auf Internet-Plattformen zum Download zur Verf\u00fcgung gestellt und international diskutiert.<\/p>\n\n\n\n<hr class=\"wp-block-separator\"\/>\n\n\n\n<h1 class=\"has-text-align-center wp-block-heading\">Hinweise<\/h1>\n\n\n\n<p>Es wird darauf hingewiesen, dass die verwendeten Soft- und Hardware-Bezeichnungen sowie Markennamen und Produktbezeichnungen der jeweiligen Firmen im Allgemeinen warenzeichen-, marken- oder patentrechtlichem Schutz unterliegen.<\/p>\n\n\n\n<p>LEGO, LEGO-Figuren, MINDSTORMS und LEGO-Bausteine sind Warenzeichen der LEGO-Gruppe. Diese Seite ist von der LEGO-Gruppe weder unterst\u00fctzt noch autorisiert worden.<\/p>\n\n\n\n<p>Alle Angaben wurden mit gr\u00f6\u00dfter Sorgfalt kontrolliert. Der Autor kann jedoch nicht f\u00fcr Sch\u00e4den haftbar gemacht werden, die im Zusammenhang mit der Verwendung dieses Buchs entstehen.<\/p>\n\n\n\n<hr class=\"wp-block-separator\"\/>\n\n\n\n<h1 class=\"has-text-align-center wp-block-heading\">Datenschutz<\/h1>\n\n\n\n<h3 class=\"wp-block-heading\">Kommentare<\/h3>\n\n\n\n<p>Wenn Besucher Kommentare hinterlassen erfassen und speichern wir die Daten die auch im Formlar des Kommentars angezeigt werden. Zus\u00e4tzlich wird die IP-Adresse und der Browser-Typ des Besuchers gespeichert um SPAM zu vermeiden.<\/p>\n\n\n\n<h3 class=\"wp-block-heading\">Medien<\/h3>\n\n\n\n<p>Beim upload von Bildern auf die Webseite, sollte vermieden weden, dass diese Geodaten (embedded location data, EXIF GPS) enthalten. Andere Besucher der Webseite k\u00f6nnen diese Bilder herunterladen und die Geodaten extrahieren.<\/p>\n\n\n\n<h3 class=\"wp-block-heading\">Cookies<\/h3>\n\n\n\n<p>Wenn eine Kommentar hinterlassen wird, kann man sich dazu entscheiden, Cookies zuzulassen um Name, E-Mail-Adresse und Webseite zu speichern. Dies ist als Komfort-Funktion gedacht, so dass diese Daten nciht bei jedem Besuch erneut eingegeben werden m\u00fcssen.<\/p>\n\n\n\n<h3 class=\"wp-block-heading\">Eingebettete Inhalte von anderen Webseiten<\/h3>\n\n\n\n<p>Artikel auf dieser Webseite k\u00f6nnen eingebettete Inhalte (z.B. Videos, Bilder, Artikel etc.) enthalten. Eingebettete Inhalte anderer Webseiten verhalten sich in der gleichen Weise als w\u00fcrde man die Quell-Webseite besuchen.<\/p>\n\n\n\n<p>Diese Webseiten k\u00f6nnten Daten \u00fcber den Besucher sammeln, Cookies benutzen, weitere Tracking Technologien benutzen und die Interaktion mit den eingebetteten Inhalten \u00fcberwachen. <\/p>\n\n\n\n<h3 class=\"wp-block-heading\">Mit wem Daten geteilt werden<\/h3>\n\n\n\n<p>Wenn das Zur\u00fccksetzen eines Passworts beantragt wird, ist die IP-Adresse des Nutzers in der Reset-E-Mail enthalten.<\/p>\n\n\n\n<h3 class=\"wp-block-heading\">Wie lange Daten gespeichert werden<\/h3>\n\n\n\n<p>Hinterlassene Kommentare und deren Meta-Daten werden auf unbestimmte Zeit gespeichert. Das dient dazu, Folge-Kommentare automatisch zu erkennen und zu genehmigen statt sie erneut in eine Genehmigungs-Warteschlange einreihen zu m\u00fcssen.<\/p>\n\n\n\n<h3 class=\"wp-block-heading\">Welche Rechte bestehen \u00fcber diese Daten<\/h3>\n\n\n\n<p>Wenn ein Nutzerkonto auf der Webseite besteht oder Kommentare gespeichert wurden, kann eine Datei \u00fcber die gespeicherten Daten angefordert werden. Weiterhin kann beantragt werden, dass diese Daten gel\u00f6scht werden. Dies betrifft keine Daten, die aufgrund von verwaltungstechnischen, gesetzlichen oder Sicherheitsvorgaben vorgehalten werden m\u00fcssen.<\/p>\n\n\n\n<h3 class=\"wp-block-heading\">Wohin werden die Daten gesendet<\/h3>\n\n\n\n<p>Besucher-Kommentare k\u00f6nnen durch automatisierte SPAM-Erkennungs-Dienste analysiert werden.<\/p>\n","protected":false},"excerpt":{"rendered":"<p>\u00dcber den Autor Bj\u00f6rn Bundschuh, geboren 1974, ist Maschinenbau-Ingenieur und hat seine ersten Berufsjahre in der Konstruktion von F\u00f6rdertechnik und&#8230;<\/p>\n","protected":false},"author":1,"featured_media":0,"parent":0,"menu_order":0,"comment_status":"closed","ping_status":"closed","template":"","meta":{"footnotes":""},"class_list":["post-97","page","type-page","status-publish","hentry"],"_links":{"self":[{"href":"https:\/\/thebundschuhs.de\/lego\/wp-json\/wp\/v2\/pages\/97","targetHints":{"allow":["GET"]}}],"collection":[{"href":"https:\/\/thebundschuhs.de\/lego\/wp-json\/wp\/v2\/pages"}],"about":[{"href":"https:\/\/thebundschuhs.de\/lego\/wp-json\/wp\/v2\/types\/page"}],"author":[{"embeddable":true,"href":"https:\/\/thebundschuhs.de\/lego\/wp-json\/wp\/v2\/users\/1"}],"replies":[{"embeddable":true,"href":"https:\/\/thebundschuhs.de\/lego\/wp-json\/wp\/v2\/comments?post=97"}],"version-history":[{"count":5,"href":"https:\/\/thebundschuhs.de\/lego\/wp-json\/wp\/v2\/pages\/97\/revisions"}],"predecessor-version":[{"id":110,"href":"https:\/\/thebundschuhs.de\/lego\/wp-json\/wp\/v2\/pages\/97\/revisions\/110"}],"wp:attachment":[{"href":"https:\/\/thebundschuhs.de\/lego\/wp-json\/wp\/v2\/media?parent=97"}],"curies":[{"name":"wp","href":"https:\/\/api.w.org\/{rel}","templated":true}]}}